{"id":7,"date":"2024-08-31T08:57:26","date_gmt":"2024-08-31T08:57:26","guid":{"rendered":"https:\/\/swingfreaks.org\/wp_2024\/?page_id=7"},"modified":"2026-01-29T14:43:59","modified_gmt":"2026-01-29T14:43:59","slug":"classes","status":"publish","type":"page","link":"https:\/\/swingfreaks.org\/wp_2024\/it\/classes\/","title":{"rendered":"Corsi"},"content":{"rendered":"<div class=\"wp-block-group has-global-padding is-layout-constrained wp-block-group-is-layout-constrained\">\n<figure class=\"wp-block-image size-full\"><img loading=\"lazy\" decoding=\"async\" width=\"2000\" height=\"1414\" src=\"https:\/\/swingfreaks.org\/wp_2024\/wp-content\/uploads\/2026\/01\/Calendario-2026-1-1.png\" alt=\"\" class=\"wp-image-950\" srcset=\"https:\/\/swingfreaks.org\/wp_2024\/wp-content\/uploads\/2026\/01\/Calendario-2026-1-1.png 2000w, https:\/\/swingfreaks.org\/wp_2024\/wp-content\/uploads\/2026\/01\/Calendario-2026-1-1-300x212.png 300w, https:\/\/swingfreaks.org\/wp_2024\/wp-content\/uploads\/2026\/01\/Calendario-2026-1-1-1024x724.png 1024w, https:\/\/swingfreaks.org\/wp_2024\/wp-content\/uploads\/2026\/01\/Calendario-2026-1-1-768x543.png 768w, https:\/\/swingfreaks.org\/wp_2024\/wp-content\/uploads\/2026\/01\/Calendario-2026-1-1-1536x1086.png 1536w, https:\/\/swingfreaks.org\/wp_2024\/wp-content\/uploads\/2026\/01\/Calendario-2026-1-1-18x12.png 18w\" sizes=\"auto, (max-width: 2000px) 100vw, 2000px\" \/><\/figure>\n\n\n\n<div style=\"height:22px\" aria-hidden=\"true\" class=\"wp-block-spacer\"><\/div>\n\n\n\n<h2 class=\"wp-block-heading has-custom-verde-sf-color has-text-color has-link-color wp-elements-d4112e8017ac7c764db7815b50ddda3d\">DOVE<\/h2>\n\n\n\n<p>Tutti i corsi sono tenuti in inglese in Via alle Cave 1, Trieste.<\/p>\n\n\n\n<div style=\"height:22px\" aria-hidden=\"true\" class=\"wp-block-spacer\"><\/div>\n\n\n\n<h2 class=\"wp-block-heading has-custom-rosa-sf-color has-text-color has-link-color wp-elements-58eeeb62660db8e4719c6230b261b45c\">COSTI<\/h2>\n\n\n\n<p>The courses last one year (from September to June). Each course is divided into packages of 8 lessons delivered over a specific two-month period, as defined by the Swing Freaks calendar. <br><br>Ogni pacchetto corso ha un costo di \u20ac75.<br>Vuoi raddoppiare il divertimento? Il secondo corso scende a \u20ac55. <br>Hai il ritmo nel cuore e vuoi fare il tris? Il terzo corso arriva a soli \u20ac40, perch\u00e9 chi balla tanto merita un premio!<br>Quindi, se balli tre volte a settimana, il totale \u00e8: \u20ac75 + \u20ac55 + \u20ac40.<br>Pi\u00f9 movimento, pi\u00f9 gioia, meno spesa. Manteniamo il ritmo!<\/p>\n\n\n\n<p>C'\u00e8 una quota di registrazione di 25\u20ac, valida per un anno dal momento dell'iscrizione, che consente l'accesso alla nostra sede e include l'assicurazione.<\/p>\n\n\n\n<div class=\"wp-block-buttons is-content-justification-center is-layout-flex wp-container-core-buttons-is-layout-a89b3969 wp-block-buttons-is-layout-flex\">\n<div class=\"wp-block-button\"><a class=\"wp-block-button__link has-text-align-center wp-element-button\" href=\"https:\/\/docs.google.com\/forms\/d\/e\/1FAIpQLSdCo889aDhpKMBPt0Da-o3Euh0gxLxp_9-8aLh9OPZH7f3nxw\/viewform?fbclid=IwdGRjcAMg8oxleHRuA2FlbQIxMQABHjqs9fIPB_JGA1n-dgEezzfvy1hSV_h8EHQz86KVrJ-0t8OvBBNY_oXe55Wr_aem_-uqYe3o76H_nQ4twA4-SNA\">REGISTRATI AI NOSTRI CORSI<\/a><\/div>\n<\/div>\n<\/div>\n\n\n\n<div class=\"wp-block-group alignfull has-base-2-background-color has-background is-layout-flow wp-block-group-is-layout-flow\" style=\"margin-top:0;margin-bottom:0;padding-top:0;padding-right:0;padding-bottom:0;padding-left:0\">\n<div class=\"wp-block-group alignwide has-global-padding is-layout-constrained wp-container-core-group-is-layout-2ca754d6 wp-block-group-is-layout-constrained\" style=\"margin-top:var(--wp--preset--spacing--30);margin-bottom:var(--wp--preset--spacing--30);padding-top:var(--wp--preset--spacing--40);padding-right:var(--wp--preset--spacing--40);padding-bottom:0;padding-left:var(--wp--preset--spacing--40)\">\n<h2 class=\"wp-block-heading has-text-align-center\">Lindy hop<\/h2>\n\n\n\n<p style=\"margin-top:var(--wp--preset--spacing--10);margin-right:0;margin-bottom:var(--wp--preset--spacing--10);margin-left:0\">Il Lindy Hop (o semplicemente Lindy) \u00e8 un ballo di coppia nato negli anni Venti e Trenta ad Harlem, New York. Si basa su passi a 8 e 6 tempi e include movimenti presi in prestito dal Charleston e dal Tip Tap. Pu\u00f2 essere selvaggio e spontaneo oppure elegante e raffinato. Gli aspetti pi\u00f9 importanti sono tre: ballarlo insieme al proprio partner, lasciarsi guidare dalla musica e, soprattutto, divertirsi! \ud83d\udd7a\ud83d\udc83<\/p>\n\n\n\n<div style=\"height:22px\" aria-hidden=\"true\" class=\"wp-block-spacer\"><\/div>\n\n\n\n<div class=\"wp-block-columns alignwide is-layout-flex wp-container-core-columns-is-layout-c24bb792 wp-block-columns-is-layout-flex\" style=\"margin-top:0;margin-bottom:0;padding-top:0;padding-right:0;padding-bottom:0;padding-left:0\">\n<div class=\"wp-block-column is-vertically-aligned-stretch fullHeightColumn is-layout-flow wp-container-core-column-is-layout-e3d1c41b wp-block-column-is-layout-flow\">\n<h3 class=\"wp-block-heading has-text-align-left is-style-asterisk has-montserrat-font-family has-large-font-size\" style=\"font-style:normal;font-weight:600\">ABSolute BEGINNER<\/h3>\n\n\n\n<p class=\"has-text-align-left fullHeightElement\">Non hai mai ballato prima e vuoi scoprire il Lindy Hop!<br><br>P.S.: Hai avuto un'ottima idea e sei nol posto giusto!<br><\/p>\n\n\n\n<h3 class=\"wp-block-heading has-text-align-left is-style-asterisk has-montserrat-font-family has-large-font-size\" style=\"font-style:normal;font-weight:600\">POP-CORN<\/h3>\n\n\n\n<p class=\"has-text-align-left fullHeightElement\">Hai iniziato a ballare qualche mese fa e stai iniziando a prendere confidenza con i passi base. Vuoi continuare a praticare regolarmente per sentirti sempre pi\u00f9 a tuo agio in questo ballo e imparare nuove figure.<\/p>\n\n\n\n<div style=\"height:20px\" aria-hidden=\"true\" class=\"wp-block-spacer\"><\/div>\n<\/div>\n\n\n\n<div class=\"wp-block-column is-vertically-aligned-top fullHeightColumn is-layout-flow wp-container-core-column-is-layout-e3d1c41b wp-block-column-is-layout-flow\">\n<h3 class=\"wp-block-heading has-text-align-left is-style-asterisk has-montserrat-font-family has-large-font-size\" style=\"font-style:normal;font-weight:600\">SPRING ROLL<\/h3>\n\n\n\n<p class=\"has-text-align-left fullHeightElement\">Balli da pi\u00f9 di 6 mesi, conosci i passi base come Tuck Turn, Lindy Circle e Swing Out; ti alleni spesso e hai tanta voglia di imparare nuove figure.<br><br><\/p>\n\n\n\n<div style=\"height:20px\" aria-hidden=\"true\" class=\"wp-block-spacer\"><\/div>\n<\/div>\n<\/div>\n\n\n\n<div class=\"wp-block-columns alignwide is-layout-flex wp-container-core-columns-is-layout-70ca0266 wp-block-columns-is-layout-flex\" style=\"margin-top:0;margin-bottom:0;padding-top:var(--wp--preset--spacing--10);padding-right:0;padding-bottom:var(--wp--preset--spacing--10);padding-left:0\">\n<div class=\"wp-block-column is-vertically-aligned-top fullHeightColumn is-layout-flow wp-container-core-column-is-layout-e3d1c41b wp-block-column-is-layout-flow\">\n<h3 class=\"wp-block-heading has-text-align-left is-style-asterisk has-montserrat-font-family has-large-font-size\" style=\"font-style:normal;font-weight:600\">BIGN\u00e8<\/h3>\n\n\n\n<p class=\"has-text-align-left fullHeightElement\">Padroneggi la maggior parte dei passi standard a 6 tempi, 8 tempi e Charleston; sai combinarli con facilit\u00e0 aggiungendo piccole variazioni. Conosci il concetto di musicalit\u00e0 e ti piace giocare e sperimentare con essa. <br>Partecipi regolarmente ai social dance e sai gestire anche i ritmi veloci.<br><\/p>\n\n\n\n<div style=\"height:20px\" aria-hidden=\"true\" class=\"wp-block-spacer\"><\/div>\n<\/div>\n\n\n\n<div class=\"wp-block-column is-vertically-aligned-top fullHeightColumn is-layout-flow wp-container-core-column-is-layout-e3d1c41b wp-block-column-is-layout-flow\">\n<h3 class=\"wp-block-heading has-text-align-left is-style-asterisk has-montserrat-font-family has-large-font-size\" style=\"font-style:normal;font-weight:600\">BAB\u00e0<\/h3>\n\n\n\n<p class=\"has-text-align-left fullHeightElement\">Balli con piena padronanza di tutti i passi standard; ti senti completamente a tuo agio sia con i ritmi lenti che con quelli molto veloci; riconosci la struttura musicale, improvvisi e ti adatti con grande facilit\u00e0 a partner diversi. L\u2019accesso a questo livello \u00e8 a discrezione degli insegnanti.<br><\/p>\n\n\n\n<div style=\"height:20px\" aria-hidden=\"true\" class=\"wp-block-spacer\"><\/div>\n<\/div>\n<\/div>\n\n\n\n<div class=\"wp-block-columns alignwide is-layout-flex wp-container-core-columns-is-layout-70ca0266 wp-block-columns-is-layout-flex\" style=\"margin-top:0;margin-bottom:0;padding-top:var(--wp--preset--spacing--10);padding-right:0;padding-bottom:var(--wp--preset--spacing--10);padding-left:0\">\n<div class=\"wp-block-column is-vertically-aligned-top fullHeightColumn is-layout-flow wp-container-core-column-is-layout-e3d1c41b wp-block-column-is-layout-flow\">\n<div style=\"height:20px\" aria-hidden=\"true\" class=\"wp-block-spacer\"><\/div>\n<\/div>\n\n\n\n<div class=\"wp-block-column is-layout-flow wp-block-column-is-layout-flow\"><\/div>\n<\/div>\n<\/div>\n\n\n\n<div class=\"wp-block-group alignwide fullHeightColumn has-base-2-color has-custom-lilla-sf-background-color has-text-color has-background has-link-color wp-elements-a5aa781a448a7dbd1c9c88f006647698 wp-container-content-9cfa9a5a has-global-padding is-layout-constrained wp-container-core-group-is-layout-27ee5042 wp-block-group-is-layout-constrained\" style=\"margin-top:0;margin-bottom:0;padding-top:var(--wp--preset--spacing--40);padding-right:var(--wp--preset--spacing--40);padding-bottom:var(--wp--preset--spacing--40);padding-left:var(--wp--preset--spacing--40)\">\n<h2 class=\"wp-block-heading has-text-align-center has-custom-giallo-sf-color has-text-color has-link-color wp-elements-cb8acb8360740d2b82ddc176d61935b1\">TAKE IT SLOW<\/h2>\n\n\n\n<p>Questo corso \u00e8 pensato per chi desidera esplorare gli stili di jazz dance pi\u00f9 lenti e avventurarsi nello Slow Balboa, nel Blues e nello Slow Lindy. L\u2019attenzione sar\u00e0 rivolta alla connessione con il partner, alla musicalit\u00e0 e all\u2019espressione individuale (soprattutto nel Blues), per acquisire sicurezza nel ballare a ritmi pi\u00f9 lenti.<\/p>\n<\/div>\n\n\n\n<div class=\"wp-block-group alignwide fullHeightColumn has-base-2-color has-custom-verde-sf-background-color has-text-color has-background has-link-color wp-elements-cd6548d2411efc59e6473ac799800929 wp-container-content-9cfa9a5a has-global-padding is-layout-constrained wp-container-core-group-is-layout-27ee5042 wp-block-group-is-layout-constrained\" style=\"margin-top:0;margin-bottom:0;padding-top:var(--wp--preset--spacing--40);padding-right:var(--wp--preset--spacing--40);padding-bottom:var(--wp--preset--spacing--40);padding-left:var(--wp--preset--spacing--40)\">\n<h2 class=\"wp-block-heading has-text-align-center has-custom-giallo-sf-color has-text-color has-link-color wp-elements-9a6283535421baf3280b70ac111d4172\">Balboa<\/h2>\n\n\n\n<p class=\"fullHeightElement\">Il Balboa (noto anche come \u201cBal\u201d) \u00e8 una danza swing originaria della California meridionale degli anni '20 e ha goduto di grande popolarit\u00e0 negli anni '30 e '40. \u00c8 una danza a 8 tempi eseguita in posizione chiusa e si balla su jazz veloce.<\/p>\n\n\n\n<div class=\"wp-block-columns alignwide is-layout-flex wp-container-core-columns-is-layout-4f353ca8 wp-block-columns-is-layout-flex\" style=\"padding-top:var(--wp--preset--spacing--20);padding-right:0;padding-bottom:var(--wp--preset--spacing--20);padding-left:0\">\n<div class=\"wp-block-column fullHeightColumn is-layout-flow wp-container-core-column-is-layout-e3d1c41b wp-block-column-is-layout-flow\">\n<h3 class=\"wp-block-heading has-text-align-left is-style-asterisk has-custom-giallo-sf-color has-text-color has-link-color has-montserrat-font-family has-large-font-size wp-elements-243bce4258619b6867855728a55234c0\" style=\"font-style:normal;font-weight:600\">CURIOUS<\/h3>\n\n\n\n<p class=\"has-text-align-left fullHeightElement\">Stai muovendo i primi passi nel Balboa.<br>E sei molto curioso di scoprirne altri!<br><\/p>\n\n\n\n<div style=\"height:10px\" aria-hidden=\"true\" class=\"wp-block-spacer\"><\/div>\n<\/div>\n\n\n\n<div class=\"wp-block-column fullHeightColumn is-layout-flow wp-container-core-column-is-layout-e3d1c41b wp-block-column-is-layout-flow\">\n<h3 class=\"wp-block-heading has-text-align-left is-style-asterisk has-custom-giallo-sf-color has-text-color has-link-color has-montserrat-font-family has-large-font-size wp-elements-6301afe0086fbcc1196710076ec958ab\" style=\"font-style:normal;font-weight:600\">SHUFFLERS<\/h3>\n\n\n\n<p class=\"has-text-align-left fullHeightElement\">Hai frequentato almeno un anno di corsi regolari. Possiedi una solida conoscenza dei passi e delle figure base del Balboa e li utilizzi frequentemente nel tuo repertorio di ballo.<br><\/p>\n\n\n\n<div style=\"height:10px\" aria-hidden=\"true\" class=\"wp-block-spacer\"><\/div>\n<\/div>\n<\/div>\n<\/div>\n\n\n\n<div class=\"wp-block-group alignwide fullHeightColumn has-base-2-color has-base-background-color has-text-color has-background has-link-color wp-elements-46d9fb7ac01d548bf8318c16b52603a1 wp-container-content-9cfa9a5a has-global-padding is-layout-constrained wp-container-core-group-is-layout-27ee5042 wp-block-group-is-layout-constrained\" style=\"margin-top:0;margin-bottom:0;padding-top:var(--wp--preset--spacing--40);padding-right:var(--wp--preset--spacing--40);padding-bottom:var(--wp--preset--spacing--40);padding-left:var(--wp--preset--spacing--40)\">\n<h2 class=\"wp-block-heading has-text-align-center has-custom-lilla-sf-color has-text-color has-link-color wp-elements-2d95abc93edbd3a68e334505486fd58d\">solo jazz<\/h2>\n\n\n\n<p class=\"fullHeightElement has-contrast-color has-text-color has-link-color wp-elements-5aabb980fd248d1e2380aabbff8f10bd\">Il Solo Jazz (noto anche come \u201cjazz autentico\u201d) \u00e8 una danza dell'era swing. Si balla  \u2018indipendentemente\u2019, senza un contatto diretto con un partner, quindi\u2026 \u2018solo\u2019.<\/p>\n\n\n\n<div class=\"wp-block-columns alignwide is-layout-flex wp-container-core-columns-is-layout-4f353ca8 wp-block-columns-is-layout-flex\" style=\"padding-top:var(--wp--preset--spacing--20);padding-right:0;padding-bottom:var(--wp--preset--spacing--20);padding-left:0\">\n<div class=\"wp-block-column fullHeightColumn is-layout-flow wp-container-core-column-is-layout-e3d1c41b wp-block-column-is-layout-flow\">\n<h3 class=\"wp-block-heading has-text-align-left is-style-asterisk has-custom-lilla-sf-color has-text-color has-link-color has-montserrat-font-family has-large-font-size wp-elements-1d1d4720d7973a6aa4e893179503521d\" style=\"font-style:normal;font-weight:600\">BEGINNERS<\/h3>\n\n\n\n<p class=\"has-text-align-left fullHeightElement has-contrast-color has-text-color has-link-color wp-elements-80466427f0e888064055cd2a02ba6301\">Stai muovendo i primi passi nel Solo Jazz.<br>E sei molto curioso di scoprirne altri!<\/p>\n\n\n\n<div style=\"height:10px\" aria-hidden=\"true\" class=\"wp-block-spacer\"><\/div>\n<\/div>\n\n\n\n<div class=\"wp-block-column fullHeightColumn is-layout-flow wp-container-core-column-is-layout-e3d1c41b wp-block-column-is-layout-flow\">\n<h3 class=\"wp-block-heading has-text-align-left is-style-asterisk has-custom-lilla-sf-color has-text-color has-link-color has-montserrat-font-family has-large-font-size wp-elements-23307e6ae91765cf4b5dc0e40e882b60\" style=\"font-style:normal;font-weight:600\">IMPROVERS<\/h3>\n\n\n\n<p class=\"has-text-align-left fullHeightElement has-contrast-color has-text-color has-link-color wp-elements-dfcd2630e6abd5ba275575c3c9af0e64\">Conosci gi\u00e0 le basi. Ora \u00e8 il momento di affinare il tuo stile, ampliare il vocabolario di passi e ballare con sicurezza!<\/p>\n\n\n\n<p class=\"has-text-align-left fullHeightElement has-contrast-color has-text-color has-link-color wp-elements-28b31dc5363084309cef3f2a32fe09cd\">Hai frequentato almeno un anno di corsi regolari.<\/p>\n\n\n\n<div style=\"height:10px\" aria-hidden=\"true\" class=\"wp-block-spacer\"><\/div>\n<\/div>\n<\/div>\n<\/div>\n<\/div>\n\n\n\n<h2 class=\"wp-block-heading has-text-align-center\">monthly choreo<\/h2>\n\n\n\n<p>Impara ogni mese una nuova coreografia swing tra quelle pi\u00f9 conosciute come lo Shim Sham, Tranky Doo, Jitterbug Stroll e molte altre. Sono benvenuti i ballerini dal livello principianti fino a quello pi\u00f9 avanzato.<\/p>\n\n\n\n<p><\/p>","protected":false},"excerpt":{"rendered":"<p>wHERE All courses are held in English in Via alle Cave 1, Trieste. COSTS The courses last one year (from September to June). Each course is divided into packages of 8 lessons delivered over a specific two-month period, as defined by the Swing Freaks calendar. Each course package is priced at \u20ac75.Wanna double the fun? [&hellip;]<\/p>","protected":false},"author":1,"featured_media":0,"parent":0,"menu_order":0,"comment_status":"closed","ping_status":"closed","template":"","meta":{"footnotes":""},"class_list":["post-7","page","type-page","status-publish","hentry"],"yoast_head":"<!-- This site is optimized with the Yoast SEO plugin v24.0 - https:\/\/yoast.com\/wordpress\/plugins\/seo\/ -->\n<title>Classes - The Swing Freaks<\/title>\n<meta name=\"robots\" content=\"index, follow, max-snippet:-1, max-image-preview:large, max-video-preview:-1\" \/>\n<link rel=\"canonical\" href=\"https:\/\/swingfreaks.org\/wp_2024\/it\/classes\/\" \/>\n<meta property=\"og:locale\" content=\"it_IT\" \/>\n<meta property=\"og:type\" content=\"article\" \/>\n<meta property=\"og:title\" content=\"Classes - The Swing Freaks\" \/>\n<meta property=\"og:description\" content=\"wHERE All courses are held in English in Via alle Cave 1, Trieste. COSTS The courses last one year (from September to June). Each course is divided into packages of 8 lessons delivered over a specific two-month period, as defined by the Swing Freaks calendar. Each course package is priced at \u20ac75.Wanna double the fun? [&hellip;]\" \/>\n<meta property=\"og:url\" content=\"https:\/\/swingfreaks.org\/wp_2024\/it\/classes\/\" \/>\n<meta property=\"og:site_name\" content=\"The Swing Freaks\" \/>\n<meta property=\"article:publisher\" content=\"https:\/\/www.facebook.com\/TheSwingFreaks\" \/>\n<meta property=\"article:modified_time\" content=\"2026-01-29T14:43:59+00:00\" \/>\n<meta property=\"og:image\" content=\"https:\/\/swingfreaks.org\/wp_2024\/wp-content\/uploads\/2026\/01\/Calendario-2026-1-1.png\" \/>\n\t<meta property=\"og:image:width\" content=\"2000\" \/>\n\t<meta property=\"og:image:height\" content=\"1414\" \/>\n\t<meta property=\"og:image:type\" content=\"image\/png\" \/>\n<meta name=\"twitter:card\" content=\"summary_large_image\" \/>\n<meta name=\"twitter:label1\" content=\"Tempo di lettura stimato\" \/>\n\t<meta name=\"twitter:data1\" content=\"3 minuti\" \/>\n<script type=\"application\/ld+json\" class=\"yoast-schema-graph\">{\"@context\":\"https:\/\/schema.org\",\"@graph\":[{\"@type\":\"WebPage\",\"@id\":\"https:\/\/swingfreaks.org\/wp_2024\/classes\/\",\"url\":\"https:\/\/swingfreaks.org\/wp_2024\/classes\/\",\"name\":\"Classes - The Swing Freaks\",\"isPartOf\":{\"@id\":\"https:\/\/swingfreaks.org\/wp_2024\/#website\"},\"primaryImageOfPage\":{\"@id\":\"https:\/\/swingfreaks.org\/wp_2024\/classes\/#primaryimage\"},\"image\":{\"@id\":\"https:\/\/swingfreaks.org\/wp_2024\/classes\/#primaryimage\"},\"thumbnailUrl\":\"https:\/\/swingfreaks.org\/wp_2024\/wp-content\/uploads\/2026\/01\/Calendario-2026-1-1.png\",\"datePublished\":\"2024-08-31T08:57:26+00:00\",\"dateModified\":\"2026-01-29T14:43:59+00:00\",\"breadcrumb\":{\"@id\":\"https:\/\/swingfreaks.org\/wp_2024\/classes\/#breadcrumb\"},\"inLanguage\":\"it-IT\",\"potentialAction\":[{\"@type\":\"ReadAction\",\"target\":[\"https:\/\/swingfreaks.org\/wp_2024\/classes\/\"]}]},{\"@type\":\"ImageObject\",\"inLanguage\":\"it-IT\",\"@id\":\"https:\/\/swingfreaks.org\/wp_2024\/classes\/#primaryimage\",\"url\":\"https:\/\/swingfreaks.org\/wp_2024\/wp-content\/uploads\/2026\/01\/Calendario-2026-1-1.png\",\"contentUrl\":\"https:\/\/swingfreaks.org\/wp_2024\/wp-content\/uploads\/2026\/01\/Calendario-2026-1-1.png\"},{\"@type\":\"BreadcrumbList\",\"@id\":\"https:\/\/swingfreaks.org\/wp_2024\/classes\/#breadcrumb\",\"itemListElement\":[{\"@type\":\"ListItem\",\"position\":1,\"name\":\"Home\",\"item\":\"https:\/\/swingfreaks.org\/wp_2024\/\"},{\"@type\":\"ListItem\",\"position\":2,\"name\":\"Classes\"}]},{\"@type\":\"WebSite\",\"@id\":\"https:\/\/swingfreaks.org\/wp_2024\/#website\",\"url\":\"https:\/\/swingfreaks.org\/wp_2024\/\",\"name\":\"The Swing Freaks\",\"description\":\"May cause happiness\",\"publisher\":{\"@id\":\"https:\/\/swingfreaks.org\/wp_2024\/#organization\"},\"potentialAction\":[{\"@type\":\"SearchAction\",\"target\":{\"@type\":\"EntryPoint\",\"urlTemplate\":\"https:\/\/swingfreaks.org\/wp_2024\/?s={search_term_string}\"},\"query-input\":{\"@type\":\"PropertyValueSpecification\",\"valueRequired\":true,\"valueName\":\"search_term_string\"}}],\"inLanguage\":\"it-IT\"},{\"@type\":\"Organization\",\"@id\":\"https:\/\/swingfreaks.org\/wp_2024\/#organization\",\"name\":\"The Swing Freaks\",\"url\":\"https:\/\/swingfreaks.org\/wp_2024\/\",\"logo\":{\"@type\":\"ImageObject\",\"inLanguage\":\"it-IT\",\"@id\":\"https:\/\/swingfreaks.org\/wp_2024\/#\/schema\/logo\/image\/\",\"url\":\"https:\/\/swingfreaks.org\/wp_2024\/wp-content\/uploads\/2024\/08\/SwingFreaks_logo_DEF.png\",\"contentUrl\":\"https:\/\/swingfreaks.org\/wp_2024\/wp-content\/uploads\/2024\/08\/SwingFreaks_logo_DEF.png\",\"width\":2030,\"height\":2030,\"caption\":\"The Swing Freaks\"},\"image\":{\"@id\":\"https:\/\/swingfreaks.org\/wp_2024\/#\/schema\/logo\/image\/\"},\"sameAs\":[\"https:\/\/www.facebook.com\/TheSwingFreaks\",\"https:\/\/www.instagram.com\/swingfreaks\/\",\"https:\/\/www.youtube.com\/@theswingfreaks\"]}]}<\/script>\n<!-- \/ Yoast SEO plugin. -->","yoast_head_json":{"title":"Classes - The Swing Freaks","robots":{"index":"index","follow":"follow","max-snippet":"max-snippet:-1","max-image-preview":"max-image-preview:large","max-video-preview":"max-video-preview:-1"},"canonical":"https:\/\/swingfreaks.org\/wp_2024\/it\/classes\/","og_locale":"it_IT","og_type":"article","og_title":"Classes - The Swing Freaks","og_description":"wHERE All courses are held in English in Via alle Cave 1, Trieste. COSTS The courses last one year (from September to June). Each course is divided into packages of 8 lessons delivered over a specific two-month period, as defined by the Swing Freaks calendar. Each course package is priced at \u20ac75.Wanna double the fun? [&hellip;]","og_url":"https:\/\/swingfreaks.org\/wp_2024\/it\/classes\/","og_site_name":"The Swing Freaks","article_publisher":"https:\/\/www.facebook.com\/TheSwingFreaks","article_modified_time":"2026-01-29T14:43:59+00:00","og_image":[{"width":2000,"height":1414,"url":"https:\/\/swingfreaks.org\/wp_2024\/wp-content\/uploads\/2026\/01\/Calendario-2026-1-1.png","type":"image\/png"}],"twitter_card":"summary_large_image","twitter_misc":{"Tempo di lettura stimato":"3 minuti"},"schema":{"@context":"https:\/\/schema.org","@graph":[{"@type":"WebPage","@id":"https:\/\/swingfreaks.org\/wp_2024\/classes\/","url":"https:\/\/swingfreaks.org\/wp_2024\/classes\/","name":"Classes - The Swing Freaks","isPartOf":{"@id":"https:\/\/swingfreaks.org\/wp_2024\/#website"},"primaryImageOfPage":{"@id":"https:\/\/swingfreaks.org\/wp_2024\/classes\/#primaryimage"},"image":{"@id":"https:\/\/swingfreaks.org\/wp_2024\/classes\/#primaryimage"},"thumbnailUrl":"https:\/\/swingfreaks.org\/wp_2024\/wp-content\/uploads\/2026\/01\/Calendario-2026-1-1.png","datePublished":"2024-08-31T08:57:26+00:00","dateModified":"2026-01-29T14:43:59+00:00","breadcrumb":{"@id":"https:\/\/swingfreaks.org\/wp_2024\/classes\/#breadcrumb"},"inLanguage":"it-IT","potentialAction":[{"@type":"ReadAction","target":["https:\/\/swingfreaks.org\/wp_2024\/classes\/"]}]},{"@type":"ImageObject","inLanguage":"it-IT","@id":"https:\/\/swingfreaks.org\/wp_2024\/classes\/#primaryimage","url":"https:\/\/swingfreaks.org\/wp_2024\/wp-content\/uploads\/2026\/01\/Calendario-2026-1-1.png","contentUrl":"https:\/\/swingfreaks.org\/wp_2024\/wp-content\/uploads\/2026\/01\/Calendario-2026-1-1.png"},{"@type":"BreadcrumbList","@id":"https:\/\/swingfreaks.org\/wp_2024\/classes\/#breadcrumb","itemListElement":[{"@type":"ListItem","position":1,"name":"Home","item":"https:\/\/swingfreaks.org\/wp_2024\/"},{"@type":"ListItem","position":2,"name":"Classes"}]},{"@type":"WebSite","@id":"https:\/\/swingfreaks.org\/wp_2024\/#website","url":"https:\/\/swingfreaks.org\/wp_2024\/","name":"The Swing Freaks","description":"May cause happiness","publisher":{"@id":"https:\/\/swingfreaks.org\/wp_2024\/#organization"},"potentialAction":[{"@type":"SearchAction","target":{"@type":"EntryPoint","urlTemplate":"https:\/\/swingfreaks.org\/wp_2024\/?s={search_term_string}"},"query-input":{"@type":"PropertyValueSpecification","valueRequired":true,"valueName":"search_term_string"}}],"inLanguage":"it-IT"},{"@type":"Organization","@id":"https:\/\/swingfreaks.org\/wp_2024\/#organization","name":"The Swing Freaks","url":"https:\/\/swingfreaks.org\/wp_2024\/","logo":{"@type":"ImageObject","inLanguage":"it-IT","@id":"https:\/\/swingfreaks.org\/wp_2024\/#\/schema\/logo\/image\/","url":"https:\/\/swingfreaks.org\/wp_2024\/wp-content\/uploads\/2024\/08\/SwingFreaks_logo_DEF.png","contentUrl":"https:\/\/swingfreaks.org\/wp_2024\/wp-content\/uploads\/2024\/08\/SwingFreaks_logo_DEF.png","width":2030,"height":2030,"caption":"The Swing Freaks"},"image":{"@id":"https:\/\/swingfreaks.org\/wp_2024\/#\/schema\/logo\/image\/"},"sameAs":["https:\/\/www.facebook.com\/TheSwingFreaks","https:\/\/www.instagram.com\/swingfreaks\/","https:\/\/www.youtube.com\/@theswingfreaks"]}]}},"_links":{"self":[{"href":"https:\/\/swingfreaks.org\/wp_2024\/it\/wp-json\/wp\/v2\/pages\/7","targetHints":{"allow":["GET"]}}],"collection":[{"href":"https:\/\/swingfreaks.org\/wp_2024\/it\/wp-json\/wp\/v2\/pages"}],"about":[{"href":"https:\/\/swingfreaks.org\/wp_2024\/it\/wp-json\/wp\/v2\/types\/page"}],"author":[{"embeddable":true,"href":"https:\/\/swingfreaks.org\/wp_2024\/it\/wp-json\/wp\/v2\/users\/1"}],"replies":[{"embeddable":true,"href":"https:\/\/swingfreaks.org\/wp_2024\/it\/wp-json\/wp\/v2\/comments?post=7"}],"version-history":[{"count":103,"href":"https:\/\/swingfreaks.org\/wp_2024\/it\/wp-json\/wp\/v2\/pages\/7\/revisions"}],"predecessor-version":[{"id":953,"href":"https:\/\/swingfreaks.org\/wp_2024\/it\/wp-json\/wp\/v2\/pages\/7\/revisions\/953"}],"wp:attachment":[{"href":"https:\/\/swingfreaks.org\/wp_2024\/it\/wp-json\/wp\/v2\/media?parent=7"}],"curies":[{"name":"wp","href":"https:\/\/api.w.org\/{rel}","templated":true}]}}