{"id":968,"date":"2026-02-23T15:55:45","date_gmt":"2026-02-23T15:55:45","guid":{"rendered":"https:\/\/swingfreaks.org\/wp_2024\/?page_id=968"},"modified":"2026-04-17T07:06:34","modified_gmt":"2026-04-17T07:06:34","slug":"exchange-2026","status":"publish","type":"page","link":"https:\/\/swingfreaks.org\/wp_2024\/it\/exchange-2026\/","title":{"rendered":"Exchange 2026"},"content":{"rendered":"<div class=\"wp-block-group alignfull has-base-2-background-color has-background has-global-padding is-layout-constrained wp-container-core-group-is-layout-0421835e wp-block-group-is-layout-constrained\" style=\"margin-top:0;margin-bottom:0;padding-top:var(--wp--preset--spacing--50);padding-right:var(--wp--preset--spacing--50);padding-bottom:var(--wp--preset--spacing--50);padding-left:var(--wp--preset--spacing--50)\">\n<div class=\"wp-block-group is-vertical is-content-justification-center is-layout-flex wp-container-core-group-is-layout-52b864f0 wp-block-group-is-layout-flex\">\n<h2 class=\"wp-block-heading has-text-align-center is-style-asterisk\">17-19 aprile, Trieste<\/h2>\n\n\n\n<div style=\"height:0px\" aria-hidden=\"true\" class=\"wp-block-spacer wp-container-content-4f2ccadb\"><\/div>\n\n\n\n<p class=\"has-text-align-center\">Due comunit\u00e0 swing un'unica pista da ballo: un'occasione per condividere risate, passi di danza e bei momenti!<\/p>\n<\/div>\n\n\n\n<p><\/p>\n\n\n\n<div class=\"wp-block-group is-vertical is-content-justification-center is-layout-flex wp-container-core-group-is-layout-52b864f0 wp-block-group-is-layout-flex\">\n<figure class=\"wp-block-image size-large\"><img loading=\"lazy\" decoding=\"async\" width=\"819\" height=\"1024\" src=\"https:\/\/swingfreaks.org\/wp_2024\/wp-content\/uploads\/2026\/02\/Exchange.jpg-819x1024.jpeg\" alt=\"\" class=\"wp-image-969\" srcset=\"https:\/\/swingfreaks.org\/wp_2024\/wp-content\/uploads\/2026\/02\/Exchange.jpg-819x1024.jpeg 819w, https:\/\/swingfreaks.org\/wp_2024\/wp-content\/uploads\/2026\/02\/Exchange.jpg-240x300.jpeg 240w, https:\/\/swingfreaks.org\/wp_2024\/wp-content\/uploads\/2026\/02\/Exchange.jpg-768x960.jpeg 768w, https:\/\/swingfreaks.org\/wp_2024\/wp-content\/uploads\/2026\/02\/Exchange.jpg-10x12.jpeg 10w, https:\/\/swingfreaks.org\/wp_2024\/wp-content\/uploads\/2026\/02\/Exchange.jpg.jpeg 1080w\" sizes=\"auto, (max-width: 819px) 100vw, 819px\" \/><\/figure>\n<\/div>\n\n\n\n<div style=\"margin-top:0;margin-bottom:0;height:var(--wp--preset--spacing--40)\" aria-hidden=\"true\" class=\"wp-block-spacer\"><\/div>\n\n\n\n<h2 class=\"wp-block-heading has-text-align-center\">Register now<\/h2>\n\n\n\n<div class=\"wp-block-buttons is-content-justification-center is-layout-flex wp-container-core-buttons-is-layout-a89b3969 wp-block-buttons-is-layout-flex\">\n<div class=\"wp-block-button\"><a class=\"wp-block-button__link wp-element-button\" href=\"https:\/\/docs.google.com\/forms\/d\/e\/1FAIpQLScXk2t6GEAAm_cpszNXM38ABk9XNaac6AkpZZ-TQEDoZRT_fQ\/viewform?usp=dialog\">Sign up<\/a><\/div>\n<\/div>\n<\/div>\n\n\n\n<div class=\"wp-block-group alignfull has-global-padding is-layout-constrained wp-container-core-group-is-layout-d89aad35 wp-block-group-is-layout-constrained\" style=\"margin-top:0;margin-bottom:0;padding-top:var(--wp--preset--spacing--50);padding-right:var(--wp--preset--spacing--50);padding-bottom:var(--wp--preset--spacing--50);padding-left:var(--wp--preset--spacing--50)\">\n<div class=\"wp-block-group alignwide is-vertical is-content-justification-center is-layout-flex wp-container-core-group-is-layout-6329a8f3 wp-block-group-is-layout-flex\">\n<div class=\"wp-block-group has-global-padding is-content-justification-center is-layout-constrained wp-block-group-is-layout-constrained\">\n<h2 class=\"wp-block-heading\">*<br>Come funziona?<\/h2>\n\n\n\n<p class=\"has-text-align-left\">Uno Swing Exchange non \u00e8 un festival.<br>Non \u00e8 una competizione.<br>Non \u00e8 un workshop intensivo.<\/p>\n\n\n\n<p class=\"has-text-align-left\">\u00c8 un gemellaggio tra community.<\/p>\n\n\n\n<p class=\"has-text-align-left\">Lo scambio avverr\u00e0 in due momenti distinti:<\/p>\n\n\n\n<p class=\"has-text-align-left\">Ad aprile, la comunit\u00e0 swing Lindy Cats di Graz arriver\u00e0 a Trieste. Li ospiteremo, mostreremo le bellezze della citt\u00e0 e, naturalmente, li faremo ballare!<\/p>\n\n\n\n<p class=\"has-text-align-left\">A ottobre sar\u00e0 il momento per gli Swing Freaks di andare a Graz e fare lo stesso.<\/p>\n\n\n\n<p><\/p>\n<\/div>\n<\/div>\n\n\n\n<h4 class=\"wp-block-heading\">Lo spirito dell'exchange<\/h4>\n\n\n\n<p>Here you don\u2019t just book a spot. You open the door to your home. During the exchange, the Lindy Cats will be hosted by the Swing Freaks.<br>Chi pu\u00f2, mette a disposizione un divano, una stanza, uno spazio.<br>This is the heart of swing: trust, hospitality, community.<br>You are not required to host. But if you do, you become a living part of the exchange.<\/p>\n\n\n\n<div class=\"wp-block-group alignwide has-global-padding is-layout-constrained wp-container-core-group-is-layout-19e250f3 wp-block-group-is-layout-constrained\">\n<div class=\"wp-block-columns are-vertically-aligned-center is-layout-flex wp-container-core-columns-is-layout-d1c656ed wp-block-columns-is-layout-flex\">\n<div class=\"wp-block-column is-vertically-aligned-center is-layout-flow wp-block-column-is-layout-flow\" style=\"flex-basis:100%\">\n<p><\/p>\n\n\n\n<h4 class=\"wp-block-heading\">Cosa ti aspetta in questi 3 giorni di exchange<\/h4>\n\n\n\n<h5 class=\"wp-block-heading\"><strong>Venerd\u00ec 17 aprile<\/strong><\/h5>\n\n\n\n<p>Arrivo a Trieste, sistemazione, cena libera<\/p>\n\n\n\n<p><strong>Ore 21:00 Friday Party Night (live band \u201cThe Jackpots\u201d)<\/strong><strong><br><\/strong> Ci troveremo in una location di prestigio, <strong>Sala Beethoven<\/strong> (via Coroneo 15).<br>Questo teatro un tempo ospitava il \u201cCircolo Artistico di Trieste\u201d, che tra la fine degli anni Settanta e l\u2019inizio degli anni Ottanta dell\u2019Ottocento accoglieva gli artisti locali, allora troppo isolati dalla scena ufficiale delle \u201cSociet\u00e0 delle Belle Arti\u201d.<\/p>\n\n\n\n<p>On stage: <strong>The Jackpots<\/strong>, formazione slovena famosissima nei festival swing del circondario, con i loro pezzi Jump Blues e Swing anni \u201940\u2013\u201950!<\/p>\n\n\n\n<p>Porta scarpe da ballo pulite (la pista ti ringrazier\u00e0)<\/p>\n\n\n\n<h5 class=\"wp-block-heading\"><strong>Sabato 18 aprile<\/strong><\/h5>\n\n\n\n<p><strong>Ore 10.30 - 12.30 Urban Game in centro citt\u00e0<\/strong><strong><br><\/strong> <em>(Full Pass only)<\/em><\/p>\n\n\n\n<p>Meeting point <a href=\"https:\/\/maps.app.goo.gl\/7YJQ5MKynXWvSmRn9?g_st=ic\">Piazza Venezia.<\/a> La mattina ci muoviamo per la citt\u00e0 insieme, tra giochi, piccole sfide e scorci di Trieste.<br>\u00c8 il momento perfetto per iniziare a conoscerci meglio.<\/p>\n\n\n\n<p><strong>Free time for lunch<br><\/strong> We\u2019ll share a list of <a href=\"https:\/\/campaign-statistics.com\/link_click\/bDM5zB-RPjn0JR-44UO5J\/131ea68c75e7aeab43f1d0dcaac2abe2\">community-recommended places<\/a> (with options for everyone: local, vegetarian, gluten-free, etc.)<\/p>\n\n\n\n<p><strong>Ore 15.30 A Miramare<\/strong><strong><br><\/strong> Per chi ha piacere ed energia \u00e8 prevista una visita al Castello di Miramare. \u00c8 uno dei simboli indiscussi di Trieste, un piccolo gioiello sul mare.<\/p>\n\n\n\n<p><strong>6:30 PM \u2013 8:00 PM \u2014 Workshop time (@SKD)<br><\/strong> <em>(Full Pass only)<\/em><\/p>\n\n\n\n<p>Nel pomeriggio si scende in pista per il workshop di <strong>\u0160pela Premel\u010d, Nejc Zupan and Francesc Bujosa<\/strong>insegnanti e performer attivi sulla scena europea del Lindy Hop e swing.<br><strong>Location:<\/strong> SKD Tabor, in via Nazionale 51.<\/p>\n\n\n\n<p><strong>8:00 PM \u2013 9:00 PM \u2014 Easy Dinner<\/strong><strong><br><\/strong> <em>(Full Pass only)<\/em><\/p>\n\n\n\n<p>Spezzeremo la fame con una ricca cena a buffet con pizza e finger food.<br>Non preoccupati abbiamo registrato le tue richieste alimentari e troverai qualcosa adatto a te.<br><strong>Location:<\/strong> SKD Tabor, in via Nazionale 51.<br><br>9:00 PM \u2013 2:00 AM <strong>Saturday Party Night (live band \u201cSwing \u00e0 la Carte\u201d)<\/strong><\/p>\n\n\n\n<p>We move to Opicina, in the Karst plateau. On stage: \u201c<strong>Swing \u00e0 la Carte<\/strong>, 7 prestigiosi musicisti triestini che riprendono le atmosfere swing-jazz degli anni \u201930\u2013\u201940, ormai garanzia di qualit\u00e0 nelle feste Swing Freaks.<br><strong>Location:<\/strong> SKD Tabor, in via Nazionale 51.<\/p>\n\n\n\n<h5 class=\"wp-block-heading\"><strong>Domenica 19 aprile<\/strong><\/h5>\n\n\n\n<p><strong>Ore 10.30 Lungo la Napoleonica<\/strong><\/p>\n\n\n\n<p>Ci troviamo all'Obelisco di Opicina (ma lo sapevi che \u00e8 stato eretto per commemorare la visita dell\u2019imperatore Francesco I d\u2019Austria?) per una passeggiata vista mare lungo la Napoleonica. Ci godremo un po\u2019 di sole e verde. Se il tempo non sar\u00e0 clemente opteremo per la <strong>Grotta Gigante<\/strong>, la grotta turistica con la camera unica pi\u00f9 grande del mondo.<\/p>\n\n\n\n<p><strong>12:30 PM \u2014 Osmiza<\/strong><\/p>\n\n\n\n<p>Ci spostiamo tra i vigneti del Carso, precisamente all\u2019 <strong>Agriturismo Budin<\/strong> (localit\u00e0 Sales 122).<\/p>\n\n\n\n<p>Concludiamo il weekend alla triestina:<br>tutti insieme attorno a un tavolo in una tradizionale osmica, un'osteria stagionale che serve vino fatto in casa e piatti semplici tipici del luogo. Buon vino, cibo locale, racconti del weekend e qualche ultimo abbraccio prima che ognuno torni a casa.<\/p>\n\n\n\n<p>Dopo pranzo\u2026 saluti e baci and <em>see you soon<\/em> <\/p>\n<\/div>\n<\/div>\n\n\n\n<div class=\"wp-block-columns alignwide is-layout-flex wp-container-core-columns-is-layout-d1c656ed wp-block-columns-is-layout-flex\">\n<div class=\"wp-block-column is-layout-flow wp-block-column-is-layout-flow\"><\/div>\n\n\n\n<div class=\"wp-block-column is-layout-flow wp-block-column-is-layout-flow\"><\/div>\n<\/div>\n<\/div>\n\n\n\n<h4 class=\"wp-block-heading\"><font dir=\"auto\" style=\"vertical-align: inherit;\"><font dir=\"auto\" style=\"vertical-align: inherit;\">Iscrizione 70\u20ac<\/font><\/font><strong>\u20ac<\/strong><\/h4>\n\n\n\n<p>Per tutte le attivit\u00e0 dal venerd\u00ec sera alla domenica pomeriggio (vedi sopra)<\/p>\n\n\n\n<h4 class=\"wp-block-heading\">Pass per la singola attivit\u00e0<\/h4>\n\n\n\n<p>Non riesci a partecipare a tutto il weekend?\nPuoi comunque esserci scegliendo alcune attivit\u00e0:<\/p>\n\n\n\n<ul class=\"wp-block-list\">\n<li>Party Pass singola serata&nbsp;<strong>\u20ac25<\/strong><\/li>\n\n\n\n<li>Party Pass per 2 serate (venerd\u00ec e sabato)&nbsp;<strong>\u20ac40<\/strong><\/li>\n\n\n\n<li>Pranzo di domenica in Osmica&nbsp;<strong>\u20ac20&nbsp;<\/strong><\/li>\n<\/ul>\n\n\n\n<div class=\"wp-block-columns is-layout-flex wp-container-core-columns-is-layout-28f84493 wp-block-columns-is-layout-flex\">\n<div class=\"wp-block-column is-layout-flow wp-block-column-is-layout-flow\"><\/div>\n\n\n\n<div class=\"wp-block-column is-layout-flow wp-block-column-is-layout-flow\"><\/div>\n<\/div>\n\n\n\n<figure class=\"wp-block-image size-large is-style-rounded is-style-rounded--1\"><img loading=\"lazy\" decoding=\"async\" width=\"1024\" height=\"733\" src=\"https:\/\/swingfreaks.org\/wp_2024\/wp-content\/uploads\/2026\/02\/800px-Trieste-CityHall-1024x733.jpg\" alt=\"\" class=\"wp-image-971\" srcset=\"https:\/\/swingfreaks.org\/wp_2024\/wp-content\/uploads\/2026\/02\/800px-Trieste-CityHall-1024x733.jpg 1024w, https:\/\/swingfreaks.org\/wp_2024\/wp-content\/uploads\/2026\/02\/800px-Trieste-CityHall-300x215.jpg 300w, https:\/\/swingfreaks.org\/wp_2024\/wp-content\/uploads\/2026\/02\/800px-Trieste-CityHall-768x550.jpg 768w, https:\/\/swingfreaks.org\/wp_2024\/wp-content\/uploads\/2026\/02\/800px-Trieste-CityHall-1536x1100.jpg 1536w, https:\/\/swingfreaks.org\/wp_2024\/wp-content\/uploads\/2026\/02\/800px-Trieste-CityHall-18x12.jpg 18w, https:\/\/swingfreaks.org\/wp_2024\/wp-content\/uploads\/2026\/02\/800px-Trieste-CityHall.jpg 1600w\" sizes=\"auto, (max-width: 1024px) 100vw, 1024px\" \/><\/figure>\n\n\n\n<figure class=\"wp-block-image size-large is-style-rounded is-style-rounded--2\"><img loading=\"lazy\" decoding=\"async\" width=\"1024\" height=\"576\" src=\"https:\/\/swingfreaks.org\/wp_2024\/wp-content\/uploads\/2025\/12\/KK1_6809-1024x576.jpg\" alt=\"\" class=\"wp-image-889\" srcset=\"https:\/\/swingfreaks.org\/wp_2024\/wp-content\/uploads\/2025\/12\/KK1_6809-1024x576.jpg 1024w, https:\/\/swingfreaks.org\/wp_2024\/wp-content\/uploads\/2025\/12\/KK1_6809-300x169.jpg 300w, https:\/\/swingfreaks.org\/wp_2024\/wp-content\/uploads\/2025\/12\/KK1_6809-768x432.jpg 768w, https:\/\/swingfreaks.org\/wp_2024\/wp-content\/uploads\/2025\/12\/KK1_6809-1536x864.jpg 1536w, https:\/\/swingfreaks.org\/wp_2024\/wp-content\/uploads\/2025\/12\/KK1_6809-18x10.jpg 18w, https:\/\/swingfreaks.org\/wp_2024\/wp-content\/uploads\/2025\/12\/KK1_6809.jpg 2000w\" sizes=\"auto, (max-width: 1024px) 100vw, 1024px\" \/><\/figure>\n<\/div>\n\n\n\n<div class=\"wp-block-group alignwide has-base-2-background-color has-background has-global-padding is-layout-constrained wp-container-core-group-is-layout-39412042 wp-block-group-is-layout-constrained\" style=\"border-radius:16px;padding-top:var(--wp--preset--spacing--40);padding-right:var(--wp--preset--spacing--50);padding-bottom:var(--wp--preset--spacing--40);padding-left:var(--wp--preset--spacing--50)\">\n<div style=\"height:var(--wp--preset--spacing--10)\" aria-hidden=\"true\" class=\"wp-block-spacer\"><\/div>\n\n\n\n<h2 class=\"wp-block-heading has-text-align-center has-x-large-font-size\">Register now!<\/h2>\n\n\n\n<div class=\"wp-block-buttons is-content-justification-center is-layout-flex wp-container-core-buttons-is-layout-a89b3969 wp-block-buttons-is-layout-flex\">\n<div class=\"wp-block-button\"><a class=\"wp-block-button__link wp-element-button\" href=\"https:\/\/docs.google.com\/forms\/d\/e\/1FAIpQLScXk2t6GEAAm_cpszNXM38ABk9XNaac6AkpZZ-TQEDoZRT_fQ\/viewform?usp=dialog\">Sign up<\/a><\/div>\n<\/div>\n\n\n\n<div style=\"height:var(--wp--preset--spacing--10)\" aria-hidden=\"true\" class=\"wp-block-spacer\"><\/div>\n<\/div>","protected":false},"excerpt":{"rendered":"<p>17-19th april, trieste Two swing communities, one dance floor: an occasion to share laughs, moves, and good times! Register now *how it works A Swing Exchange is not a festival.It is not a competition.It is not an intensive workshop. It is a twinning between communities. The exchange will take place in two separate moments: In [&hellip;]<\/p>","protected":false},"author":2,"featured_media":0,"parent":0,"menu_order":0,"comment_status":"closed","ping_status":"closed","template":"","meta":{"footnotes":""},"class_list":["post-968","page","type-page","status-publish","hentry"],"yoast_head":"<!-- This site is optimized with the Yoast SEO plugin v24.0 - https:\/\/yoast.com\/wordpress\/plugins\/seo\/ -->\n<title>Exchange 2026 - The Swing Freaks<\/title>\n<meta name=\"description\" content=\"Two cities, one dance floor. Join the Swing Exchange in Trieste (17\u201319 April 2026) and connect with the Lindy Hop community.\" \/>\n<meta name=\"robots\" content=\"index, follow, max-snippet:-1, max-image-preview:large, max-video-preview:-1\" \/>\n<link rel=\"canonical\" href=\"https:\/\/swingfreaks.org\/wp_2024\/it\/exchange-2026\/\" \/>\n<meta property=\"og:locale\" content=\"it_IT\" \/>\n<meta property=\"og:type\" content=\"article\" \/>\n<meta property=\"og:title\" content=\"Exchange 2026 - The Swing Freaks\" \/>\n<meta property=\"og:description\" content=\"Two cities, one dance floor. Join the Swing Exchange in Trieste (17\u201319 April 2026) and connect with the Lindy Hop community.\" \/>\n<meta property=\"og:url\" content=\"https:\/\/swingfreaks.org\/wp_2024\/it\/exchange-2026\/\" \/>\n<meta property=\"og:site_name\" content=\"The Swing Freaks\" \/>\n<meta property=\"article:publisher\" content=\"https:\/\/www.facebook.com\/TheSwingFreaks\" \/>\n<meta property=\"article:modified_time\" content=\"2026-04-17T07:06:34+00:00\" \/>\n<meta property=\"og:image\" content=\"https:\/\/swingfreaks.org\/wp_2024\/wp-content\/uploads\/2026\/02\/Exchange.jpg.jpeg\" \/>\n\t<meta property=\"og:image:width\" content=\"1080\" \/>\n\t<meta property=\"og:image:height\" content=\"1350\" \/>\n\t<meta property=\"og:image:type\" content=\"image\/jpeg\" \/>\n<meta name=\"twitter:card\" content=\"summary_large_image\" \/>\n<meta name=\"twitter:label1\" content=\"Tempo di lettura stimato\" \/>\n\t<meta name=\"twitter:data1\" content=\"4 minuti\" \/>\n<script type=\"application\/ld+json\" class=\"yoast-schema-graph\">{\"@context\":\"https:\/\/schema.org\",\"@graph\":[{\"@type\":\"WebPage\",\"@id\":\"https:\/\/swingfreaks.org\/wp_2024\/exchange-2026\/\",\"url\":\"https:\/\/swingfreaks.org\/wp_2024\/exchange-2026\/\",\"name\":\"Exchange 2026 - The Swing Freaks\",\"isPartOf\":{\"@id\":\"https:\/\/swingfreaks.org\/wp_2024\/#website\"},\"primaryImageOfPage\":{\"@id\":\"https:\/\/swingfreaks.org\/wp_2024\/exchange-2026\/#primaryimage\"},\"image\":{\"@id\":\"https:\/\/swingfreaks.org\/wp_2024\/exchange-2026\/#primaryimage\"},\"thumbnailUrl\":\"https:\/\/swingfreaks.org\/wp_2024\/wp-content\/uploads\/2026\/02\/Exchange.jpg-819x1024.jpeg\",\"datePublished\":\"2026-02-23T15:55:45+00:00\",\"dateModified\":\"2026-04-17T07:06:34+00:00\",\"description\":\"Two cities, one dance floor. Join the Swing Exchange in Trieste (17\u201319 April 2026) and connect with the Lindy Hop community.\",\"breadcrumb\":{\"@id\":\"https:\/\/swingfreaks.org\/wp_2024\/exchange-2026\/#breadcrumb\"},\"inLanguage\":\"it-IT\",\"potentialAction\":[{\"@type\":\"ReadAction\",\"target\":[\"https:\/\/swingfreaks.org\/wp_2024\/exchange-2026\/\"]}]},{\"@type\":\"ImageObject\",\"inLanguage\":\"it-IT\",\"@id\":\"https:\/\/swingfreaks.org\/wp_2024\/exchange-2026\/#primaryimage\",\"url\":\"https:\/\/swingfreaks.org\/wp_2024\/wp-content\/uploads\/2026\/02\/Exchange.jpg-819x1024.jpeg\",\"contentUrl\":\"https:\/\/swingfreaks.org\/wp_2024\/wp-content\/uploads\/2026\/02\/Exchange.jpg-819x1024.jpeg\"},{\"@type\":\"BreadcrumbList\",\"@id\":\"https:\/\/swingfreaks.org\/wp_2024\/exchange-2026\/#breadcrumb\",\"itemListElement\":[{\"@type\":\"ListItem\",\"position\":1,\"name\":\"Home\",\"item\":\"https:\/\/swingfreaks.org\/wp_2024\/\"},{\"@type\":\"ListItem\",\"position\":2,\"name\":\"Exchange 2026\"}]},{\"@type\":\"WebSite\",\"@id\":\"https:\/\/swingfreaks.org\/wp_2024\/#website\",\"url\":\"https:\/\/swingfreaks.org\/wp_2024\/\",\"name\":\"The Swing Freaks\",\"description\":\"May cause happiness\",\"publisher\":{\"@id\":\"https:\/\/swingfreaks.org\/wp_2024\/#organization\"},\"potentialAction\":[{\"@type\":\"SearchAction\",\"target\":{\"@type\":\"EntryPoint\",\"urlTemplate\":\"https:\/\/swingfreaks.org\/wp_2024\/?s={search_term_string}\"},\"query-input\":{\"@type\":\"PropertyValueSpecification\",\"valueRequired\":true,\"valueName\":\"search_term_string\"}}],\"inLanguage\":\"it-IT\"},{\"@type\":\"Organization\",\"@id\":\"https:\/\/swingfreaks.org\/wp_2024\/#organization\",\"name\":\"The Swing Freaks\",\"url\":\"https:\/\/swingfreaks.org\/wp_2024\/\",\"logo\":{\"@type\":\"ImageObject\",\"inLanguage\":\"it-IT\",\"@id\":\"https:\/\/swingfreaks.org\/wp_2024\/#\/schema\/logo\/image\/\",\"url\":\"https:\/\/swingfreaks.org\/wp_2024\/wp-content\/uploads\/2024\/08\/SwingFreaks_logo_DEF.png\",\"contentUrl\":\"https:\/\/swingfreaks.org\/wp_2024\/wp-content\/uploads\/2024\/08\/SwingFreaks_logo_DEF.png\",\"width\":2030,\"height\":2030,\"caption\":\"The Swing Freaks\"},\"image\":{\"@id\":\"https:\/\/swingfreaks.org\/wp_2024\/#\/schema\/logo\/image\/\"},\"sameAs\":[\"https:\/\/www.facebook.com\/TheSwingFreaks\",\"https:\/\/www.instagram.com\/swingfreaks\/\",\"https:\/\/www.youtube.com\/@theswingfreaks\"]}]}<\/script>\n<!-- \/ Yoast SEO plugin. -->","yoast_head_json":{"title":"Exchange 2026 - The Swing Freaks","description":"Two cities, one dance floor. Join the Swing Exchange in Trieste (17\u201319 April 2026) and connect with the Lindy Hop community.","robots":{"index":"index","follow":"follow","max-snippet":"max-snippet:-1","max-image-preview":"max-image-preview:large","max-video-preview":"max-video-preview:-1"},"canonical":"https:\/\/swingfreaks.org\/wp_2024\/it\/exchange-2026\/","og_locale":"it_IT","og_type":"article","og_title":"Exchange 2026 - The Swing Freaks","og_description":"Two cities, one dance floor. Join the Swing Exchange in Trieste (17\u201319 April 2026) and connect with the Lindy Hop community.","og_url":"https:\/\/swingfreaks.org\/wp_2024\/it\/exchange-2026\/","og_site_name":"The Swing Freaks","article_publisher":"https:\/\/www.facebook.com\/TheSwingFreaks","article_modified_time":"2026-04-17T07:06:34+00:00","og_image":[{"width":1080,"height":1350,"url":"https:\/\/swingfreaks.org\/wp_2024\/wp-content\/uploads\/2026\/02\/Exchange.jpg.jpeg","type":"image\/jpeg"}],"twitter_card":"summary_large_image","twitter_misc":{"Tempo di lettura stimato":"4 minuti"},"schema":{"@context":"https:\/\/schema.org","@graph":[{"@type":"WebPage","@id":"https:\/\/swingfreaks.org\/wp_2024\/exchange-2026\/","url":"https:\/\/swingfreaks.org\/wp_2024\/exchange-2026\/","name":"Exchange 2026 - The Swing Freaks","isPartOf":{"@id":"https:\/\/swingfreaks.org\/wp_2024\/#website"},"primaryImageOfPage":{"@id":"https:\/\/swingfreaks.org\/wp_2024\/exchange-2026\/#primaryimage"},"image":{"@id":"https:\/\/swingfreaks.org\/wp_2024\/exchange-2026\/#primaryimage"},"thumbnailUrl":"https:\/\/swingfreaks.org\/wp_2024\/wp-content\/uploads\/2026\/02\/Exchange.jpg-819x1024.jpeg","datePublished":"2026-02-23T15:55:45+00:00","dateModified":"2026-04-17T07:06:34+00:00","description":"Two cities, one dance floor. Join the Swing Exchange in Trieste (17\u201319 April 2026) and connect with the Lindy Hop community.","breadcrumb":{"@id":"https:\/\/swingfreaks.org\/wp_2024\/exchange-2026\/#breadcrumb"},"inLanguage":"it-IT","potentialAction":[{"@type":"ReadAction","target":["https:\/\/swingfreaks.org\/wp_2024\/exchange-2026\/"]}]},{"@type":"ImageObject","inLanguage":"it-IT","@id":"https:\/\/swingfreaks.org\/wp_2024\/exchange-2026\/#primaryimage","url":"https:\/\/swingfreaks.org\/wp_2024\/wp-content\/uploads\/2026\/02\/Exchange.jpg-819x1024.jpeg","contentUrl":"https:\/\/swingfreaks.org\/wp_2024\/wp-content\/uploads\/2026\/02\/Exchange.jpg-819x1024.jpeg"},{"@type":"BreadcrumbList","@id":"https:\/\/swingfreaks.org\/wp_2024\/exchange-2026\/#breadcrumb","itemListElement":[{"@type":"ListItem","position":1,"name":"Home","item":"https:\/\/swingfreaks.org\/wp_2024\/"},{"@type":"ListItem","position":2,"name":"Exchange 2026"}]},{"@type":"WebSite","@id":"https:\/\/swingfreaks.org\/wp_2024\/#website","url":"https:\/\/swingfreaks.org\/wp_2024\/","name":"The Swing Freaks","description":"May cause happiness","publisher":{"@id":"https:\/\/swingfreaks.org\/wp_2024\/#organization"},"potentialAction":[{"@type":"SearchAction","target":{"@type":"EntryPoint","urlTemplate":"https:\/\/swingfreaks.org\/wp_2024\/?s={search_term_string}"},"query-input":{"@type":"PropertyValueSpecification","valueRequired":true,"valueName":"search_term_string"}}],"inLanguage":"it-IT"},{"@type":"Organization","@id":"https:\/\/swingfreaks.org\/wp_2024\/#organization","name":"The Swing Freaks","url":"https:\/\/swingfreaks.org\/wp_2024\/","logo":{"@type":"ImageObject","inLanguage":"it-IT","@id":"https:\/\/swingfreaks.org\/wp_2024\/#\/schema\/logo\/image\/","url":"https:\/\/swingfreaks.org\/wp_2024\/wp-content\/uploads\/2024\/08\/SwingFreaks_logo_DEF.png","contentUrl":"https:\/\/swingfreaks.org\/wp_2024\/wp-content\/uploads\/2024\/08\/SwingFreaks_logo_DEF.png","width":2030,"height":2030,"caption":"The Swing Freaks"},"image":{"@id":"https:\/\/swingfreaks.org\/wp_2024\/#\/schema\/logo\/image\/"},"sameAs":["https:\/\/www.facebook.com\/TheSwingFreaks","https:\/\/www.instagram.com\/swingfreaks\/","https:\/\/www.youtube.com\/@theswingfreaks"]}]}},"_links":{"self":[{"href":"https:\/\/swingfreaks.org\/wp_2024\/it\/wp-json\/wp\/v2\/pages\/968","targetHints":{"allow":["GET"]}}],"collection":[{"href":"https:\/\/swingfreaks.org\/wp_2024\/it\/wp-json\/wp\/v2\/pages"}],"about":[{"href":"https:\/\/swingfreaks.org\/wp_2024\/it\/wp-json\/wp\/v2\/types\/page"}],"author":[{"embeddable":true,"href":"https:\/\/swingfreaks.org\/wp_2024\/it\/wp-json\/wp\/v2\/users\/2"}],"replies":[{"embeddable":true,"href":"https:\/\/swingfreaks.org\/wp_2024\/it\/wp-json\/wp\/v2\/comments?post=968"}],"version-history":[{"count":55,"href":"https:\/\/swingfreaks.org\/wp_2024\/it\/wp-json\/wp\/v2\/pages\/968\/revisions"}],"predecessor-version":[{"id":1074,"href":"https:\/\/swingfreaks.org\/wp_2024\/it\/wp-json\/wp\/v2\/pages\/968\/revisions\/1074"}],"wp:attachment":[{"href":"https:\/\/swingfreaks.org\/wp_2024\/it\/wp-json\/wp\/v2\/media?parent=968"}],"curies":[{"name":"wp","href":"https:\/\/api.w.org\/{rel}","templated":true}]}}